{"id":123,"date":"2021-02-03T19:18:52","date_gmt":"2021-02-03T19:18:52","guid":{"rendered":"https:\/\/aliviar.com.bo\/blog\/?page_id=123"},"modified":"2021-02-03T19:30:24","modified_gmt":"2021-02-03T22:30:24","slug":"home","status":"publish","type":"page","link":"https:\/\/aliviar.com.bo\/blog\/","title":{"rendered":"Home"},"content":{"rendered":"[vc_row][vc_column][vc_custom_heading text=\u00bbNoticias\u00bb font_container=\u00bbtag:h1|font_size:28px|text_align:left\u00bb google_fonts=\u00bbfont_family:Montserrat%3Aregular%2C700|font_style:400%20regular%3A400%3Anormal\u00bb css=\u00bb.vc_custom_1612382669618{padding-top: 40px !important;padding-bottom: 40px !important;}\u00bb]<div class=\"vcex-module vcex-blog-grid-wrap wpex-clr\"><div class=\"wpex-row vcex-blog-grid wpex-clr entries match-height-grid\"><div class=\"vcex-blog-entry vcex-grid-item entry-has-details span_1_of_3 col-1 col post-216 entry type-post has-media cat-5\"><div class=\"vcex-blog-entry-inner entry-inner wpex-first-mt-0 wpex-last-mb-0 wpex-clr\"><div class=\"vcex-blog-entry-media entry-media\"><a href=\"https:\/\/aliviar.com.bo\/blog\/sumate-a-la-campana-de-atencion-gratuita-en-cuidados-paliativos\/\" title=\"S\u00famate a la Campa\u00f1a de Atenci\u00f3n Gratuita en Cuidados Paliativos\"><img width=\"1200\" height=\"900\" src=\"https:\/\/aliviar.com.bo\/blog\/wp-content\/uploads\/2021\/10\/aliviar-campana-cuidados-paliativos.jpg\" class=\"vcex-blog-entry-img wpex-align-middle\" alt=\"\" loading=\"lazy\" decoding=\"async\" srcset=\"https:\/\/aliviar.com.bo\/blog\/wp-content\/uploads\/2021\/10\/aliviar-campana-cuidados-paliativos.jpg 1200w, https:\/\/aliviar.com.bo\/blog\/wp-content\/uploads\/2021\/10\/aliviar-campana-cuidados-paliativos-300x225.jpg 300w, https:\/\/aliviar.com.bo\/blog\/wp-content\/uploads\/2021\/10\/aliviar-campana-cuidados-paliativos-1024x768.jpg 1024w, https:\/\/aliviar.com.bo\/blog\/wp-content\/uploads\/2021\/10\/aliviar-campana-cuidados-paliativos-768x576.jpg 768w\" sizes=\"auto, (max-width: 1200px) 100vw, 1200px\" \/><\/a><\/div><div class=\"vcex-blog-entry-details entry-details wpex-bordered wpex-first-mt-0 wpex-last-mb-0 wpex-clr\"><div class=\"match-height-content\"><h2 class=\"vcex-blog-entry-title entry-title wpex-mb-5\"><a href=\"https:\/\/aliviar.com.bo\/blog\/sumate-a-la-campana-de-atencion-gratuita-en-cuidados-paliativos\/\">S\u00famate a la Campa\u00f1a de Atenci\u00f3n Gratuita en Cuidados Paliativos<\/a><\/h2><div class=\"vcex-blog-entry-excerpt entry-excerpt wpex-my-15 wpex-last-mb-0 wpex-clr\"><p>En el marco del D\u00eda Mundial de los Cuidados Paliativos a celebrarse el 9 de&hellip;<\/p><\/div><\/div><\/div><\/div><\/div><div class=\"vcex-blog-entry vcex-grid-item entry-has-details span_1_of_3 col-2 col post-213 entry type-post has-media cat-5\"><div class=\"vcex-blog-entry-inner entry-inner wpex-first-mt-0 wpex-last-mb-0 wpex-clr\"><div class=\"vcex-blog-entry-media entry-media\"><a href=\"https:\/\/aliviar.com.bo\/blog\/aprendiendo-sobre-cuidados-paliativos\/\" title=\"Aprendiendo sobre Cuidados Paliativos\"><img width=\"1200\" height=\"900\" src=\"https:\/\/aliviar.com.bo\/blog\/wp-content\/uploads\/2021\/10\/aliviar-cuidados-paliativos-web.jpg\" class=\"vcex-blog-entry-img wpex-align-middle\" alt=\"\" loading=\"lazy\" decoding=\"async\" srcset=\"https:\/\/aliviar.com.bo\/blog\/wp-content\/uploads\/2021\/10\/aliviar-cuidados-paliativos-web.jpg 1200w, https:\/\/aliviar.com.bo\/blog\/wp-content\/uploads\/2021\/10\/aliviar-cuidados-paliativos-web-300x225.jpg 300w, https:\/\/aliviar.com.bo\/blog\/wp-content\/uploads\/2021\/10\/aliviar-cuidados-paliativos-web-1024x768.jpg 1024w, https:\/\/aliviar.com.bo\/blog\/wp-content\/uploads\/2021\/10\/aliviar-cuidados-paliativos-web-768x576.jpg 768w\" sizes=\"auto, (max-width: 1200px) 100vw, 1200px\" \/><\/a><\/div><div class=\"vcex-blog-entry-details entry-details wpex-bordered wpex-first-mt-0 wpex-last-mb-0 wpex-clr\"><div class=\"match-height-content\"><h2 class=\"vcex-blog-entry-title entry-title wpex-mb-5\"><a href=\"https:\/\/aliviar.com.bo\/blog\/aprendiendo-sobre-cuidados-paliativos\/\">Aprendiendo sobre Cuidados Paliativos<\/a><\/h2><div class=\"vcex-blog-entry-excerpt entry-excerpt wpex-my-15 wpex-last-mb-0 wpex-clr\"><p>La existencia de enfermedades potencialmente mortales, como el C\u00e1ncer, generan una cantidad de s\u00edntomas f\u00edsicos&hellip;<\/p><\/div><\/div><\/div><\/div><\/div><div class=\"vcex-blog-entry vcex-grid-item entry-has-details span_1_of_3 col-3 col post-191 entry type-post has-media cat-2\"><div class=\"vcex-blog-entry-inner entry-inner wpex-first-mt-0 wpex-last-mb-0 wpex-clr\"><div class=\"vcex-blog-entry-media entry-media\"><a href=\"https:\/\/aliviar.com.bo\/blog\/herpes-zoster-culebrilla-y-neuralgia-posherpetica-procedimientos-que-alivian-este-dolor\/\" title=\"Herpes Zoster (Culebrilla) y Neuralgia Posherp\u00e9tica: Procedimientos que alivian este dolor\"><img width=\"1200\" height=\"900\" src=\"https:\/\/aliviar.com.bo\/blog\/wp-content\/uploads\/2021\/06\/aliviar-tratamiento-herpes-neuralgia-web-02.jpg\" class=\"vcex-blog-entry-img wpex-align-middle\" alt=\"\" loading=\"lazy\" decoding=\"async\" srcset=\"https:\/\/aliviar.com.bo\/blog\/wp-content\/uploads\/2021\/06\/aliviar-tratamiento-herpes-neuralgia-web-02.jpg 1200w, https:\/\/aliviar.com.bo\/blog\/wp-content\/uploads\/2021\/06\/aliviar-tratamiento-herpes-neuralgia-web-02-300x225.jpg 300w, https:\/\/aliviar.com.bo\/blog\/wp-content\/uploads\/2021\/06\/aliviar-tratamiento-herpes-neuralgia-web-02-1024x768.jpg 1024w, https:\/\/aliviar.com.bo\/blog\/wp-content\/uploads\/2021\/06\/aliviar-tratamiento-herpes-neuralgia-web-02-768x576.jpg 768w\" sizes=\"auto, (max-width: 1200px) 100vw, 1200px\" \/><\/a><\/div><div class=\"vcex-blog-entry-details entry-details wpex-bordered wpex-first-mt-0 wpex-last-mb-0 wpex-clr\"><div class=\"match-height-content\"><h2 class=\"vcex-blog-entry-title entry-title wpex-mb-5\"><a href=\"https:\/\/aliviar.com.bo\/blog\/herpes-zoster-culebrilla-y-neuralgia-posherpetica-procedimientos-que-alivian-este-dolor\/\">Herpes Zoster (Culebrilla) y Neuralgia Posherp\u00e9tica: <br>Procedimientos que alivian este dolor<\/a><\/h2><div class=\"vcex-blog-entry-excerpt entry-excerpt wpex-my-15 wpex-last-mb-0 wpex-clr\"><p>Los avances en Terapia del Dolor ofrecen actualmente t\u00e9cnicas intervencionistas para aliviar el intenso dolor&hellip;<\/p><\/div><\/div><\/div><\/div><\/div><div class=\"vcex-blog-entry vcex-grid-item entry-has-details span_1_of_3 col-1 col post-114 entry type-post has-media cat-2\"><div class=\"vcex-blog-entry-inner entry-inner wpex-first-mt-0 wpex-last-mb-0 wpex-clr\"><div class=\"vcex-blog-entry-media entry-media\"><a href=\"https:\/\/aliviar.com.bo\/blog\/neuralgia-del-trigemino-efectivo-tratamiento-para-el-alivio-del-dolor\/\" title=\"Neuralgia del Trig\u00e9mino: Efectivo tratamiento para el alivio del dolor\"><img width=\"1200\" height=\"900\" src=\"https:\/\/aliviar.com.bo\/blog\/wp-content\/uploads\/2021\/02\/neuralgia-del-trigemino-aliviar-blog.jpg\" class=\"vcex-blog-entry-img wpex-align-middle\" alt=\"\" loading=\"lazy\" decoding=\"async\" srcset=\"https:\/\/aliviar.com.bo\/blog\/wp-content\/uploads\/2021\/02\/neuralgia-del-trigemino-aliviar-blog.jpg 1200w, https:\/\/aliviar.com.bo\/blog\/wp-content\/uploads\/2021\/02\/neuralgia-del-trigemino-aliviar-blog-300x225.jpg 300w, https:\/\/aliviar.com.bo\/blog\/wp-content\/uploads\/2021\/02\/neuralgia-del-trigemino-aliviar-blog-1024x768.jpg 1024w, https:\/\/aliviar.com.bo\/blog\/wp-content\/uploads\/2021\/02\/neuralgia-del-trigemino-aliviar-blog-768x576.jpg 768w\" sizes=\"auto, (max-width: 1200px) 100vw, 1200px\" \/><\/a><\/div><div class=\"vcex-blog-entry-details entry-details wpex-bordered wpex-first-mt-0 wpex-last-mb-0 wpex-clr\"><div class=\"match-height-content\"><h2 class=\"vcex-blog-entry-title entry-title wpex-mb-5\"><a href=\"https:\/\/aliviar.com.bo\/blog\/neuralgia-del-trigemino-efectivo-tratamiento-para-el-alivio-del-dolor\/\">Neuralgia del Trig\u00e9mino: Efectivo tratamiento para el alivio del dolor<\/a><\/h2><div class=\"vcex-blog-entry-excerpt entry-excerpt wpex-my-15 wpex-last-mb-0 wpex-clr\"><p>Los avances en el conocimiento m\u00e9dico y el surgimiento de nuevas tecnolog\u00edas permiten que dolores&hellip;<\/p><\/div><\/div><\/div><\/div><\/div><div class=\"vcex-blog-entry vcex-grid-item entry-has-details span_1_of_3 col-2 col post-70 entry type-post has-media cat-3\"><div class=\"vcex-blog-entry-inner entry-inner wpex-first-mt-0 wpex-last-mb-0 wpex-clr\"><div class=\"vcex-blog-entry-media entry-media\"><a href=\"https:\/\/aliviar.com.bo\/blog\/entrevista-a-la-dra-geraldine-delgadillo-aliviar-en-el-deber-radio\/\" title=\"Entrevista a la Dra. Geraldine Delgadillo (Aliviar) en El Deber Radio\"><img width=\"1200\" height=\"900\" src=\"https:\/\/aliviar.com.bo\/blog\/wp-content\/uploads\/2018\/11\/aliviar-nota-el-deber-radio.jpg\" class=\"vcex-blog-entry-img wpex-align-middle\" alt=\"\" loading=\"lazy\" decoding=\"async\" srcset=\"https:\/\/aliviar.com.bo\/blog\/wp-content\/uploads\/2018\/11\/aliviar-nota-el-deber-radio.jpg 1200w, https:\/\/aliviar.com.bo\/blog\/wp-content\/uploads\/2018\/11\/aliviar-nota-el-deber-radio-300x225.jpg 300w, https:\/\/aliviar.com.bo\/blog\/wp-content\/uploads\/2018\/11\/aliviar-nota-el-deber-radio-768x576.jpg 768w, https:\/\/aliviar.com.bo\/blog\/wp-content\/uploads\/2018\/11\/aliviar-nota-el-deber-radio-1024x768.jpg 1024w\" sizes=\"auto, (max-width: 1200px) 100vw, 1200px\" \/><\/a><\/div><div class=\"vcex-blog-entry-details entry-details wpex-bordered wpex-first-mt-0 wpex-last-mb-0 wpex-clr\"><div class=\"match-height-content\"><h2 class=\"vcex-blog-entry-title entry-title wpex-mb-5\"><a href=\"https:\/\/aliviar.com.bo\/blog\/entrevista-a-la-dra-geraldine-delgadillo-aliviar-en-el-deber-radio\/\">Entrevista a la Dra. Geraldine Delgadillo (Aliviar) en El Deber Radio<\/a><\/h2><div class=\"vcex-blog-entry-excerpt entry-excerpt wpex-my-15 wpex-last-mb-0 wpex-clr\">\u201cLa c\u00e1mara hiperb\u00e1rica es un equipo m\u00e9dico de alta tecnolog\u00eda, presurizado, al que ingresa un paciente para recibir ox\u00edgeno al 100%...\"<\/div><\/div><\/div><\/div><\/div><div class=\"vcex-blog-entry vcex-grid-item entry-has-details span_1_of_3 col-3 col post-65 entry type-post has-media cat-5\"><div class=\"vcex-blog-entry-inner entry-inner wpex-first-mt-0 wpex-last-mb-0 wpex-clr\"><div class=\"vcex-blog-entry-media entry-media\"><a href=\"https:\/\/aliviar.com.bo\/blog\/13-de-octubre-dia-mundial-de-los-cuidados-paliativos\/\" title=\"13 de Octubre &#8211; D\u00eda mundial de los Cuidados Paliativos\"><img width=\"1200\" height=\"900\" src=\"https:\/\/aliviar.com.bo\/blog\/wp-content\/uploads\/2018\/11\/aliviar-13-oct-dia-mundial-de-los-cuidados-paliativos.jpg\" class=\"vcex-blog-entry-img wpex-align-middle\" alt=\"\" loading=\"lazy\" decoding=\"async\" srcset=\"https:\/\/aliviar.com.bo\/blog\/wp-content\/uploads\/2018\/11\/aliviar-13-oct-dia-mundial-de-los-cuidados-paliativos.jpg 1200w, https:\/\/aliviar.com.bo\/blog\/wp-content\/uploads\/2018\/11\/aliviar-13-oct-dia-mundial-de-los-cuidados-paliativos-300x225.jpg 300w, https:\/\/aliviar.com.bo\/blog\/wp-content\/uploads\/2018\/11\/aliviar-13-oct-dia-mundial-de-los-cuidados-paliativos-768x576.jpg 768w, https:\/\/aliviar.com.bo\/blog\/wp-content\/uploads\/2018\/11\/aliviar-13-oct-dia-mundial-de-los-cuidados-paliativos-1024x768.jpg 1024w\" sizes=\"auto, (max-width: 1200px) 100vw, 1200px\" \/><\/a><\/div><div class=\"vcex-blog-entry-details entry-details wpex-bordered wpex-first-mt-0 wpex-last-mb-0 wpex-clr\"><div class=\"match-height-content\"><h2 class=\"vcex-blog-entry-title entry-title wpex-mb-5\"><a href=\"https:\/\/aliviar.com.bo\/blog\/13-de-octubre-dia-mundial-de-los-cuidados-paliativos\/\">13 de Octubre &#8211; D\u00eda mundial de los Cuidados Paliativos<\/a><\/h2><div class=\"vcex-blog-entry-excerpt entry-excerpt wpex-my-15 wpex-last-mb-0 wpex-clr\"><p>Desde Aliviar nos sumamos a la campa\u00f1a de concientizaci\u00f3n sobre los Cuidados Paliativos, tan necesarios&hellip;<\/p><\/div><\/div><\/div><\/div><\/div><div class=\"vcex-blog-entry vcex-grid-item entry-has-details span_1_of_3 col-1 col post-61 entry type-post has-media cat-5 cat-2 cat-4\"><div class=\"vcex-blog-entry-inner entry-inner wpex-first-mt-0 wpex-last-mb-0 wpex-clr\"><div class=\"vcex-blog-entry-media entry-media\"><a href=\"https:\/\/aliviar.com.bo\/blog\/aliviar-nota-en-radiocamba-com\/\" title=\"Aliviar &#8211; Nota en RadioCamba.com\"><img width=\"1200\" height=\"900\" src=\"https:\/\/aliviar.com.bo\/blog\/wp-content\/uploads\/2018\/11\/aliviar-nota-radio-camba.jpg\" class=\"vcex-blog-entry-img wpex-align-middle\" alt=\"\" loading=\"lazy\" decoding=\"async\" srcset=\"https:\/\/aliviar.com.bo\/blog\/wp-content\/uploads\/2018\/11\/aliviar-nota-radio-camba.jpg 1200w, https:\/\/aliviar.com.bo\/blog\/wp-content\/uploads\/2018\/11\/aliviar-nota-radio-camba-300x225.jpg 300w, https:\/\/aliviar.com.bo\/blog\/wp-content\/uploads\/2018\/11\/aliviar-nota-radio-camba-768x576.jpg 768w, https:\/\/aliviar.com.bo\/blog\/wp-content\/uploads\/2018\/11\/aliviar-nota-radio-camba-1024x768.jpg 1024w\" sizes=\"auto, (max-width: 1200px) 100vw, 1200px\" \/><\/a><\/div><div class=\"vcex-blog-entry-details entry-details wpex-bordered wpex-first-mt-0 wpex-last-mb-0 wpex-clr\"><div class=\"match-height-content\"><h2 class=\"vcex-blog-entry-title entry-title wpex-mb-5\"><a href=\"https:\/\/aliviar.com.bo\/blog\/aliviar-nota-en-radiocamba-com\/\">Aliviar &#8211; Nota en RadioCamba.com<\/a><\/h2><div class=\"vcex-blog-entry-excerpt entry-excerpt wpex-my-15 wpex-last-mb-0 wpex-clr\">\"El novedoso Centro M\u00e9dico, que estar\u00e1 exclusivamente dedicado al tratamiento multidisciplinario e integral del dolor, nace como una instituci\u00f3n afiliada a la Asociaci\u00f3n Latinoamericana de Cuidados Paliativos (ALCP)...\"<\/div><\/div><\/div><\/div><\/div><div class=\"vcex-blog-entry vcex-grid-item entry-has-details span_1_of_3 col-2 col post-57 entry type-post has-media cat-5 cat-2 cat-4\"><div class=\"vcex-blog-entry-inner entry-inner wpex-first-mt-0 wpex-last-mb-0 wpex-clr\"><div class=\"vcex-blog-entry-media entry-media\"><a href=\"https:\/\/aliviar.com.bo\/blog\/aliviar-nota-en-diario-el-dia\/\" title=\"Aliviar &#8211; Nota en diario El D\u00eda\"><img width=\"1200\" height=\"900\" src=\"https:\/\/aliviar.com.bo\/blog\/wp-content\/uploads\/2018\/11\/aliviar-nota-en-diario-el-dia.jpg\" class=\"vcex-blog-entry-img wpex-align-middle\" alt=\"\" loading=\"lazy\" decoding=\"async\" srcset=\"https:\/\/aliviar.com.bo\/blog\/wp-content\/uploads\/2018\/11\/aliviar-nota-en-diario-el-dia.jpg 1200w, https:\/\/aliviar.com.bo\/blog\/wp-content\/uploads\/2018\/11\/aliviar-nota-en-diario-el-dia-300x225.jpg 300w, https:\/\/aliviar.com.bo\/blog\/wp-content\/uploads\/2018\/11\/aliviar-nota-en-diario-el-dia-768x576.jpg 768w, https:\/\/aliviar.com.bo\/blog\/wp-content\/uploads\/2018\/11\/aliviar-nota-en-diario-el-dia-1024x768.jpg 1024w\" sizes=\"auto, (max-width: 1200px) 100vw, 1200px\" \/><\/a><\/div><div class=\"vcex-blog-entry-details entry-details wpex-bordered wpex-first-mt-0 wpex-last-mb-0 wpex-clr\"><div class=\"match-height-content\"><h2 class=\"vcex-blog-entry-title entry-title wpex-mb-5\"><a href=\"https:\/\/aliviar.com.bo\/blog\/aliviar-nota-en-diario-el-dia\/\">Aliviar &#8211; Nota en diario El D\u00eda<\/a><\/h2><div class=\"vcex-blog-entry-excerpt entry-excerpt wpex-my-15 wpex-last-mb-0 wpex-clr\">\"Crear un centro donde el dolor sea enfocado; desde distintas especialidades, es uno de los objetivos de Aliviar - Centro Especializado en el Tratamiento Integral del Dolor...\" <\/div><\/div><\/div><\/div><\/div><div class=\"vcex-blog-entry vcex-grid-item entry-has-details span_1_of_3 col-3 col post-51 entry type-post has-media cat-2\"><div class=\"vcex-blog-entry-inner entry-inner wpex-first-mt-0 wpex-last-mb-0 wpex-clr\"><div class=\"vcex-blog-entry-media entry-media\"><a href=\"https:\/\/aliviar.com.bo\/blog\/que-es-el-dolor-cronico-que-es-la-medicina-del-dolor\/\" title=\"Entrevista en Radio Expresi\u00f3n 106.6 FM: Qu\u00e9 es el dolor cr\u00f3nico? Qu\u00e9 es la medicina del dolor?\"><img width=\"1200\" height=\"900\" src=\"https:\/\/aliviar.com.bo\/blog\/wp-content\/uploads\/2018\/11\/aliviar-nota-radio-expresion-106.6-fm.jpg\" class=\"vcex-blog-entry-img wpex-align-middle\" alt=\"\" loading=\"lazy\" decoding=\"async\" srcset=\"https:\/\/aliviar.com.bo\/blog\/wp-content\/uploads\/2018\/11\/aliviar-nota-radio-expresion-106.6-fm.jpg 1200w, https:\/\/aliviar.com.bo\/blog\/wp-content\/uploads\/2018\/11\/aliviar-nota-radio-expresion-106.6-fm-300x225.jpg 300w, https:\/\/aliviar.com.bo\/blog\/wp-content\/uploads\/2018\/11\/aliviar-nota-radio-expresion-106.6-fm-768x576.jpg 768w, https:\/\/aliviar.com.bo\/blog\/wp-content\/uploads\/2018\/11\/aliviar-nota-radio-expresion-106.6-fm-1024x768.jpg 1024w\" sizes=\"auto, (max-width: 1200px) 100vw, 1200px\" \/><\/a><\/div><div class=\"vcex-blog-entry-details entry-details wpex-bordered wpex-first-mt-0 wpex-last-mb-0 wpex-clr\"><div class=\"match-height-content\"><h2 class=\"vcex-blog-entry-title entry-title wpex-mb-5\"><a href=\"https:\/\/aliviar.com.bo\/blog\/que-es-el-dolor-cronico-que-es-la-medicina-del-dolor\/\">Entrevista en Radio Expresi\u00f3n 106.6 FM: Qu\u00e9 es el dolor cr\u00f3nico? Qu\u00e9 es la medicina del dolor?<\/a><\/h2><div class=\"vcex-blog-entry-excerpt entry-excerpt wpex-my-15 wpex-last-mb-0 wpex-clr\">Con motivo del \u201cD\u00eda Mundial de Lucha Contra el Dolor\u201d que tendr\u00e1 lugar el 17 de octubre, \u00e9stos y otros temas se trataron en la entrevista realizada a la Dra. Wendy Rojas y a Juan Pablo Puente de Aliviar.<\/div><\/div><\/div><\/div><\/div><\/div>\t\t\t<div class=\"wpex-pagination wpex-clear wpex-mt-30\"><ul class='page-numbers'>\n\t<li><span aria-current=\"page\" class=\"page-numbers current\"><span class=\"screen-reader-text\">Page <\/span>1<\/span><\/li>\n\t<li><a class=\"page-numbers\" href=\"https:\/\/aliviar.com.bo\/blog\/wp-json\/wp\/v2\/pages\/123\/page\/2\/\"><span class=\"screen-reader-text\">Page <\/span>2<\/a><\/li>\n\t<li><a class=\"next page-numbers\" href=\"https:\/\/aliviar.com.bo\/blog\/wp-json\/wp\/v2\/pages\/123\/page\/2\/\"><span class=\"ticon ticon-angle-right\" aria-hidden=\"true\"><\/span><span class=\"screen-reader-text\">Siguiente<\/span><\/a><\/li>\n<\/ul>\n<\/div>\n\t\t<\/div>[\/vc_column][\/vc_row]\n","protected":false},"excerpt":{"rendered":"<p>[vc_row][vc_column][vc_custom_heading text=\u00bbNoticias\u00bb font_container=\u00bbtag:h1|font_size:28px|text_align:left\u00bb google_fonts=\u00bbfont_family:Montserrat%3Aregular%2C700|font_style:400%20regular%3A400%3Anormal\u00bb css=\u00bb.vc_custom_1612382669618{padding-top: 40px !important;padding-bottom: 40px !important;}\u00bb][\/vc_column][\/vc_row]<\/p>\n","protected":false},"author":1,"featured_media":0,"parent":0,"menu_order":0,"comment_status":"closed","ping_status":"closed","template":"","meta":{"_joinchat":[],"footnotes":""},"class_list":["post-123","page","type-page","status-publish","hentry","entry","has-media"],"_links":{"self":[{"href":"https:\/\/aliviar.com.bo\/blog\/wp-json\/wp\/v2\/pages\/123","targetHints":{"allow":["GET"]}}],"collection":[{"href":"https:\/\/aliviar.com.bo\/blog\/wp-json\/wp\/v2\/pages"}],"about":[{"href":"https:\/\/aliviar.com.bo\/blog\/wp-json\/wp\/v2\/types\/page"}],"author":[{"embeddable":true,"href":"https:\/\/aliviar.com.bo\/blog\/wp-json\/wp\/v2\/users\/1"}],"replies":[{"embeddable":true,"href":"https:\/\/aliviar.com.bo\/blog\/wp-json\/wp\/v2\/comments?post=123"}],"version-history":[{"count":16,"href":"https:\/\/aliviar.com.bo\/blog\/wp-json\/wp\/v2\/pages\/123\/revisions"}],"predecessor-version":[{"id":147,"href":"https:\/\/aliviar.com.bo\/blog\/wp-json\/wp\/v2\/pages\/123\/revisions\/147"}],"wp:attachment":[{"href":"https:\/\/aliviar.com.bo\/blog\/wp-json\/wp\/v2\/media?parent=123"}],"curies":[{"name":"wp","href":"https:\/\/api.w.org\/{rel}","templated":true}]}}